{"id":13409,"date":"2023-05-31T16:34:38","date_gmt":"2023-05-31T14:34:38","guid":{"rendered":"https:\/\/www.sunn.fr\/wp_into_sunn\/?page_id=13409"},"modified":"2023-05-31T16:36:28","modified_gmt":"2023-05-31T14:36:28","slug":"legal-notice","status":"publish","type":"page","link":"https:\/\/www.sunn.fr\/wp_into_sunn\/en\/legal-notice\/","title":{"rendered":"Legal Notice"},"content":{"rendered":"\t\t<div data-elementor-type=\"wp-page\" data-elementor-id=\"13409\" class=\"elementor elementor-13409\">\n\t\t\t\t\t\t<div class=\"elementor-inner\">\n\t\t\t\t<div class=\"elementor-section-wrap\">\n\t\t\t\t\t\t\t\t\t<section class=\"elementor-section elementor-top-section elementor-element elementor-element-0a8702b elementor-section-full_width elementor-section-height-default elementor-section-height-default\" data-id=\"0a8702b\" data-element_type=\"section\" data-settings=\"{&quot;jet_parallax_layout_list&quot;:[{&quot;jet_parallax_layout_image&quot;:{&quot;url&quot;:&quot;&quot;,&quot;id&quot;:&quot;&quot;},&quot;_id&quot;:&quot;168017b&quot;,&quot;jet_parallax_layout_image_tablet&quot;:{&quot;url&quot;:&quot;&quot;,&quot;id&quot;:&quot;&quot;},&quot;jet_parallax_layout_image_mobile&quot;:{&quot;url&quot;:&quot;&quot;,&quot;id&quot;:&quot;&quot;},&quot;jet_parallax_layout_speed&quot;:{&quot;unit&quot;:&quot;%&quot;,&quot;size&quot;:50,&quot;sizes&quot;:[]},&quot;jet_parallax_layout_type&quot;:&quot;scroll&quot;,&quot;jet_parallax_layout_direction&quot;:null,&quot;jet_parallax_layout_fx_direction&quot;:null,&quot;jet_parallax_layout_z_index&quot;:&quot;&quot;,&quot;jet_parallax_layout_bg_x&quot;:50,&quot;jet_parallax_layout_bg_x_tablet&quot;:&quot;&quot;,&quot;jet_parallax_layout_bg_x_mobile&quot;:&quot;&quot;,&quot;jet_parallax_layout_bg_y&quot;:50,&quot;jet_parallax_layout_bg_y_tablet&quot;:&quot;&quot;,&quot;jet_parallax_layout_bg_y_mobile&quot;:&quot;&quot;,&quot;jet_parallax_layout_bg_size&quot;:&quot;auto&quot;,&quot;jet_parallax_layout_bg_size_tablet&quot;:&quot;&quot;,&quot;jet_parallax_layout_bg_size_mobile&quot;:&quot;&quot;,&quot;jet_parallax_layout_animation_prop&quot;:&quot;transform&quot;,&quot;jet_parallax_layout_on&quot;:[&quot;desktop&quot;,&quot;tablet&quot;]}],&quot;background_background&quot;:&quot;slideshow&quot;,&quot;background_slideshow_gallery&quot;:[],&quot;background_slideshow_loop&quot;:&quot;yes&quot;,&quot;background_slideshow_slide_duration&quot;:5000,&quot;background_slideshow_slide_transition&quot;:&quot;fade&quot;,&quot;background_slideshow_transition_duration&quot;:500}\">\n\t\t\t\t\t\t<div class=\"elementor-container elementor-column-gap-default\">\n\t\t\t\t\t\t\t<div class=\"elementor-row\">\n\t\t\t\t\t<div class=\"elementor-column elementor-col-100 elementor-top-column elementor-element elementor-element-bc6c850\" data-id=\"bc6c850\" data-element_type=\"column\">\n\t\t\t<div class=\"elementor-column-wrap elementor-element-populated\">\n\t\t\t\t\t\t\t<div class=\"elementor-widget-wrap\">\n\t\t\t\t\t\t<div class=\"elementor-element elementor-element-7022cb8 elementor-widget elementor-widget-image\" data-id=\"7022cb8\" data-element_type=\"widget\" data-widget_type=\"image.default\">\n\t\t\t\t<div class=\"elementor-widget-container\">\n\t\t\t\t\t\t\t\t<div class=\"elementor-image\">\n\t\t\t\t\t\t\t\t\t\t\t\t<img src=\"https:\/\/www.sunn.fr\/wp_into_sunn\/wp-content\/uploads\/2020\/09\/CGV_Sunn.jpg\" title=\"\" alt=\"\" \/>\t\t\t\t\t\t\t\t\t\t\t\t\t\t<\/div>\n\t\t\t\t\t\t<\/div>\n\t\t\t\t<\/div>\n\t\t\t\t<div class=\"elementor-element elementor-element-0428dd1 elementor-widget elementor-widget-jet-headline\" data-id=\"0428dd1\" data-element_type=\"widget\" data-widget_type=\"jet-headline.default\">\n\t\t\t\t<div class=\"elementor-widget-container\">\n\t\t\t<h1 class=\"jet-headline jet-headline--direction-horizontal\"><span class=\"jet-headline__part jet-headline__first\"><span class=\"jet-headline__label\">Legal Notice<\/span><\/span><span class=\"jet-headline__space\">&nbsp;<\/span><\/h1>\t\t<\/div>\n\t\t\t\t<\/div>\n\t\t\t\t\t\t<\/div>\n\t\t\t\t\t<\/div>\n\t\t<\/div>\n\t\t\t\t\t\t\t\t<\/div>\n\t\t\t\t\t<\/div>\n\t\t<\/section>\n\t\t\t\t<section class=\"elementor-section elementor-top-section elementor-element elementor-element-e918808 elementor-section-boxed elementor-section-height-default elementor-section-height-default\" data-id=\"e918808\" data-element_type=\"section\" data-settings=\"{&quot;jet_parallax_layout_list&quot;:[{&quot;jet_parallax_layout_image&quot;:{&quot;url&quot;:&quot;&quot;,&quot;id&quot;:&quot;&quot;},&quot;_id&quot;:&quot;d5ec6df&quot;,&quot;jet_parallax_layout_image_tablet&quot;:{&quot;url&quot;:&quot;&quot;,&quot;id&quot;:&quot;&quot;},&quot;jet_parallax_layout_image_mobile&quot;:{&quot;url&quot;:&quot;&quot;,&quot;id&quot;:&quot;&quot;},&quot;jet_parallax_layout_speed&quot;:{&quot;unit&quot;:&quot;%&quot;,&quot;size&quot;:50,&quot;sizes&quot;:[]},&quot;jet_parallax_layout_type&quot;:&quot;scroll&quot;,&quot;jet_parallax_layout_direction&quot;:null,&quot;jet_parallax_layout_fx_direction&quot;:null,&quot;jet_parallax_layout_z_index&quot;:&quot;&quot;,&quot;jet_parallax_layout_bg_x&quot;:50,&quot;jet_parallax_layout_bg_x_tablet&quot;:&quot;&quot;,&quot;jet_parallax_layout_bg_x_mobile&quot;:&quot;&quot;,&quot;jet_parallax_layout_bg_y&quot;:50,&quot;jet_parallax_layout_bg_y_tablet&quot;:&quot;&quot;,&quot;jet_parallax_layout_bg_y_mobile&quot;:&quot;&quot;,&quot;jet_parallax_layout_bg_size&quot;:&quot;auto&quot;,&quot;jet_parallax_layout_bg_size_tablet&quot;:&quot;&quot;,&quot;jet_parallax_layout_bg_size_mobile&quot;:&quot;&quot;,&quot;jet_parallax_layout_animation_prop&quot;:&quot;transform&quot;,&quot;jet_parallax_layout_on&quot;:[&quot;desktop&quot;,&quot;tablet&quot;]}]}\">\n\t\t\t\t\t\t<div class=\"elementor-container elementor-column-gap-default\">\n\t\t\t\t\t\t\t<div class=\"elementor-row\">\n\t\t\t\t\t<div class=\"elementor-column elementor-col-100 elementor-top-column elementor-element elementor-element-8e7cfdb\" data-id=\"8e7cfdb\" data-element_type=\"column\">\n\t\t\t<div class=\"elementor-column-wrap elementor-element-populated\">\n\t\t\t\t\t\t\t<div class=\"elementor-widget-wrap\">\n\t\t\t\t\t\t<div class=\"elementor-element elementor-element-cbbc395 elementor-widget elementor-widget-text-editor\" data-id=\"cbbc395\" data-element_type=\"widget\" data-widget_type=\"text-editor.default\">\n\t\t\t\t<div class=\"elementor-widget-container\">\n\t\t\t\t\t\t\t\t<div class=\"elementor-text-editor elementor-clearfix\">\n\t\t\t\t<p><strong>LEGAL NOTICE \u2013 SUNN.FR<\/strong><\/p><p><strong><br \/><\/strong>The sunn.fr website is published by Manufacture Fran\u00e7aise du Cycle, a simplified corporation with a sole shareholder (SASU) with a capital of \u20ac6,000,000, registered with the Nantes Trade &amp; Companies Register under SIRET business registration number 791\u00a0771\u00a0223\u00a000017, EU VAT number FR88791771223.<\/p><p><strong>HEAD OFFICES<\/strong><\/p><p><strong><br \/><\/strong>27 rue Marcel Bruneli\u00e8re, BP\u00a06, 44270 Machecoul-Saint-M\u00eame, France<\/p><p>Telephone:\u00a0 +33 (0)2 40 78 23 23<\/p><p>Email: <a href=\"mailto:contact@sunn.fr\">contact@sunn.fr<\/a><\/p><p>\u00a0<\/p><p><strong>DIRECTOR OF PUBLICATION\u00a0<\/strong><\/p><p>David Jamin<\/p><p>\u00a0<\/p><p><strong>HOSTING<\/strong><\/p><p>Oceanet Technology \u2013 2 imp Josephine Baker, 44800 Saint-Herblain, France \u2013 Telephone: +33 (2) 28 03 78 78 \u2013 Email: <a href=\"mailto:contact@oceanet-technology.com\">contact@oceanet-technology.com<\/a><\/p><p>\u00a0<\/p><p><strong>CNIL DECLARATION <\/strong><\/p><p>In accordance with the French Data Protection Act No. 78-17 of 6\u00a0January 1978, as amended by law on 6\u00a0August 2004 and by decree on 25\u00a0March 2007, your personal data are collected by Manufacture Fran\u00e7aise du Cycle, a simplified corporation with a sole shareholder (SASU) with a capital of \u20ac6,000,000, registered with the Nantes Trade &amp; Companies Register under SIRET business registration number 791\u00a0771\u00a0223\u00a000017, in the capacity of data controller, represented by the company\u2019s senior management.<\/p><p>The personal data collected when you sign up for the newsletter will be used by Manufacture Fran\u00e7aise du Cycle and its partners for direct marketing purposes, subject to your consent.<\/p><p>Pursuant to the French Data Protection Act, you have the right to access, rectify, erase or object to the processing of your personal data, which you can do by writing to the following address and enclosing a copy of an official form of photo identification (identity card or passport): Manufacture Fran\u00e7aise du Cycle, Service Consommateurs, 27 rue Marcel Bruneli\u00e8re, 44270 Machecoul-Saint-M\u00eame, France. We will respond to your request within a maximum of two (2) months.<\/p><p>\u00a0<\/p><p><strong>COOKIES\u00a0<\/strong><\/p><p>Our website uses first-party and third-party cookies to improve its browsing experience and its content. These cookies also provide us with information about how the website is used, so we can ensure it is up to date, relevant and bug free. Most of the cookies used by our website are necessary in order for it to function properly. These cookies can improve its performance and deliver additional functionalities.<\/p><p>Other cookies allow for enhanced targeting in order to improve your user experience. For example, they record your browsing habits in order to suggest more targeted content to you.<\/p><p>You have several options when it comes to managing cookies. At any time, you can define or change your cookie preferences via the \u201cHelp\u201d section on your browser\u2019s toolbar, which can tell you how to block all future cookies, be prompted for new cookies or disable all cookies. You can also remove cookies manually.<\/p><p>In Internet Explorer\u2122: Open the \u201cTools\u201d menu and select \u201cInternet options\u201d, then click on the \u201cPrivacy\u201d tab and then the \u201cAdvanced\u201d tab, and choose your preferred option or follow this link: :\u00a0<a href=\"https:\/\/windows.microsoft.com\/fr-FR\/windows-vista\/Block-or-allow-cookies\">https:\/\/windows.microsoft.com\/fr-FR\/windows-vista\/Block-or-allow-cookies<\/a>.<\/p><p>In Firefox\u2122: Open the \u201cTools\u201d menu and select \u201cOptions\u201d, then click on the \u201cPrivacy\u201d tab and choose your preferred options or follow this link: :\u00a0<a href=\"https:\/\/support.mozilla.org\/fr\/kb\/Activer%20et%20d%C3%A9sactiver%20les%20cookies\">https:\/\/support.mozilla.org\/fr\/kb\/Activer%20et%20d%C3%A9sactiver%20les%20cookies<\/a>.<\/p><p>In Chrome\u2122: Open the \u201cSettings\u201d menu (the gear icon) and select \u201cOptions\u201d, then click on \u201cAdvanced options\u201d and, under \u201cPrivacy\u201d, select \u201cContent settings\u201d and choose your preferred options or follow this link: :\u00a0<a href=\"https:\/\/support.google.com\/chrome\/bin\/answer.py?hl=fr&amp;hlrm=en&amp;answer=95647\">https:\/\/support.google.com\/chrome\/bin\/answer.py?hl=fr&amp;hlrm=en&amp;answer=95647<\/a>.<\/p><p>In Safari\u2122: Go to \u201cSafari &gt; Preferences\u201d and click on \u201cSecurity\u201d, and then, under \u201cAccept cookies\u201d, choose your preferred options or follow this link: :\u00a0<a href=\"https:\/\/docs.info.apple.com\/article.html?path=Safari\/3.0\/fr\/9277.html\">https:\/\/docs.info.apple.com\/article.html?path=Safari\/3.0\/fr\/9277.html<\/a>.<\/p><p>In Opera\u2122: Open the \u201cTools\u201d or \u201cSettings\u201d menu and select \u201cDelete private data\u201d, then click on the \u201cDetailed options\u201d tab and choose your preferred options or follow this link: :\u00a0<a href=\"https:\/\/help.opera.com\/Windows\/10.20\/fr\/cookies.html\">https:\/\/help.opera.com\/Windows\/10.20\/fr\/cookies.html<\/a>.<\/p><p>See advice from CNIL (French Data Protection Authority) on blocking third-party cookies: :\u00a0<a href=\"https:\/\/www.cnil.fr\/fr\/cookies-les-outils-pour-les-maitriser\">https:\/\/www.cnil.fr\/fr\/cookies-les-outils-pour-les-maitriser<\/a>.<\/p><p>By continuing to browse our website, you agree to have cookies installed during your session.<\/p><p>\u00a0<\/p><p><strong>COMPLAINTS\u00a0<\/strong><\/p><p>To submit a complaint, you can contact our Customer Service by writing to us at <a href=\"mailto:contact@sunn.fr\">contact@sunn.fr<\/a> or Manufacture Fran\u00e7aise du Cycle, Service Consommateurs, 27 rue Marcel Bruneli\u00e8re, 44270 Machecoul-Saint-M\u00eame, France, or by phoning us Monday to Friday, 9\u00a0am to 7\u00a0pm CET, on\u00a0+33\u00a0(0)2\u00a040\u00a078\u00a023\u00a023.<\/p><p>If you find the response you receive to be unsatisfactory, you may send your complaint to the mediator by writing to Medicys, Centre de m\u00e9diation et r\u00e8glement amiable des huissiers de justice, 73 boulevard de Clichy, 75009 Paris, France, or by submitting it online at <a href=\"https:\/\/www.medicys.fr\/\">www.medicys.fr<\/a>.<\/p><p>Mediation is a free service for you.<\/p><p>After receiving the dispute, the mediator will gather the information they require to examine the case and render an opinion within three (3) months.<\/p><p>This opinion is not binding on you or on us, and you will retain your right to bring the matter before the competent court.<\/p><p>More information about the mediation process is available at <a href=\"https:\/\/mediateur-consommation.fr\/plateforme-europeenne-mediation\/\">https:\/\/mediateur-consommation.fr\/plateforme-europeenne-mediation<\/a>.<\/p><p>Photo credits: Sunn \/ Sidekick \/ Kevin Burnet \/ Jojo Mars \/ C\u00e9dric Tassan \/ Aur\u00e9lie Menager<\/p>\t\t\t\t\t<\/div>\n\t\t\t\t\t\t<\/div>\n\t\t\t\t<\/div>\n\t\t\t\t\t\t<\/div>\n\t\t\t\t\t<\/div>\n\t\t<\/div>\n\t\t\t\t\t\t\t\t<\/div>\n\t\t\t\t\t<\/div>\n\t\t<\/section>\n\t\t\t\t\t\t\t\t\t<\/div>\n\t\t\t<\/div>\n\t\t\t\t\t<\/div>\n\t\t","protected":false},"excerpt":{"rendered":"<p>Legal Notice&nbsp; LEGAL NOTICE \u2013 SUNN.FR The sunn.fr website is published by Manufacture Fran\u00e7aise du Cycle, a simplified corporation with a sole shareholder (SASU) with a capital of \u20ac6,000,000, registered with the Nantes Trade &amp; Companies Register under SIRET business registration number 791\u00a0771\u00a0223\u00a000017, EU VAT number FR88791771223. HEAD OFFICES 27 rue Marcel Bruneli\u00e8re, BP\u00a06, 44270 [&hellip;]<\/p>\n","protected":false},"author":3,"featured_media":0,"parent":0,"menu_order":0,"comment_status":"closed","ping_status":"closed","template":"elementor_header_footer","meta":[],"_links":{"self":[{"href":"https:\/\/www.sunn.fr\/wp_into_sunn\/wp-json\/wp\/v2\/pages\/13409"}],"collection":[{"href":"https:\/\/www.sunn.fr\/wp_into_sunn\/wp-json\/wp\/v2\/pages"}],"about":[{"href":"https:\/\/www.sunn.fr\/wp_into_sunn\/wp-json\/wp\/v2\/types\/page"}],"author":[{"embeddable":true,"href":"https:\/\/www.sunn.fr\/wp_into_sunn\/wp-json\/wp\/v2\/users\/3"}],"replies":[{"embeddable":true,"href":"https:\/\/www.sunn.fr\/wp_into_sunn\/wp-json\/wp\/v2\/comments?post=13409"}],"version-history":[{"count":4,"href":"https:\/\/www.sunn.fr\/wp_into_sunn\/wp-json\/wp\/v2\/pages\/13409\/revisions"}],"predecessor-version":[{"id":13413,"href":"https:\/\/www.sunn.fr\/wp_into_sunn\/wp-json\/wp\/v2\/pages\/13409\/revisions\/13413"}],"wp:attachment":[{"href":"https:\/\/www.sunn.fr\/wp_into_sunn\/wp-json\/wp\/v2\/media?parent=13409"}],"curies":[{"name":"wp","href":"https:\/\/api.w.org\/{rel}","templated":true}]}}