{"id":7233,"date":"2022-02-18T14:21:44","date_gmt":"2022-02-18T13:21:44","guid":{"rendered":"https:\/\/www.sunn.fr\/wp_into_sunn\/?page_id=7233"},"modified":"2025-09-02T16:36:56","modified_gmt":"2025-09-02T14:36:56","slug":"bmx-prince-2","status":"publish","type":"page","link":"https:\/\/www.sunn.fr\/wp_into_sunn\/fr\/bmx-prince-2\/","title":{"rendered":"BMX Prince"},"content":{"rendered":"\t\t<div data-elementor-type=\"wp-page\" data-elementor-id=\"7233\" class=\"elementor elementor-7233\">\n\t\t\t\t\t\t<div class=\"elementor-inner\">\n\t\t\t\t<div class=\"elementor-section-wrap\">\n\t\t\t\t\t\t\t\t\t<section class=\"elementor-section elementor-top-section elementor-element elementor-element-8cc093b elementor-section-full_width elementor-section-height-default elementor-section-height-default\" data-id=\"8cc093b\" data-element_type=\"section\" data-settings=\"{&quot;jet_parallax_layout_list&quot;:[{&quot;jet_parallax_layout_image&quot;:{&quot;url&quot;:&quot;&quot;,&quot;id&quot;:&quot;&quot;},&quot;_id&quot;:&quot;7e302b5&quot;,&quot;jet_parallax_layout_image_tablet&quot;:{&quot;url&quot;:&quot;&quot;,&quot;id&quot;:&quot;&quot;},&quot;jet_parallax_layout_image_mobile&quot;:{&quot;url&quot;:&quot;&quot;,&quot;id&quot;:&quot;&quot;},&quot;jet_parallax_layout_speed&quot;:{&quot;unit&quot;:&quot;%&quot;,&quot;size&quot;:50,&quot;sizes&quot;:[]},&quot;jet_parallax_layout_type&quot;:&quot;scroll&quot;,&quot;jet_parallax_layout_direction&quot;:null,&quot;jet_parallax_layout_fx_direction&quot;:null,&quot;jet_parallax_layout_z_index&quot;:&quot;&quot;,&quot;jet_parallax_layout_bg_x&quot;:50,&quot;jet_parallax_layout_bg_x_tablet&quot;:&quot;&quot;,&quot;jet_parallax_layout_bg_x_mobile&quot;:&quot;&quot;,&quot;jet_parallax_layout_bg_y&quot;:50,&quot;jet_parallax_layout_bg_y_tablet&quot;:&quot;&quot;,&quot;jet_parallax_layout_bg_y_mobile&quot;:&quot;&quot;,&quot;jet_parallax_layout_bg_size&quot;:&quot;auto&quot;,&quot;jet_parallax_layout_bg_size_tablet&quot;:&quot;&quot;,&quot;jet_parallax_layout_bg_size_mobile&quot;:&quot;&quot;,&quot;jet_parallax_layout_animation_prop&quot;:&quot;transform&quot;,&quot;jet_parallax_layout_on&quot;:[&quot;desktop&quot;,&quot;tablet&quot;]}],&quot;background_background&quot;:&quot;slideshow&quot;,&quot;background_slideshow_gallery&quot;:[],&quot;background_slideshow_loop&quot;:&quot;yes&quot;,&quot;background_slideshow_slide_duration&quot;:5000,&quot;background_slideshow_slide_transition&quot;:&quot;fade&quot;,&quot;background_slideshow_transition_duration&quot;:500}\">\n\t\t\t\t\t\t<div class=\"elementor-container elementor-column-gap-default\">\n\t\t\t\t\t\t\t<div class=\"elementor-row\">\n\t\t\t\t\t<div class=\"elementor-column elementor-col-100 elementor-top-column elementor-element elementor-element-950da33\" data-id=\"950da33\" data-element_type=\"column\">\n\t\t\t<div class=\"elementor-column-wrap elementor-element-populated\">\n\t\t\t\t\t\t\t<div class=\"elementor-widget-wrap\">\n\t\t\t\t\t\t<div class=\"elementor-element elementor-element-ead95b9 elementor-widget elementor-widget-jet-slider\" data-id=\"ead95b9\" data-element_type=\"widget\" data-settings=\"{&quot;slider_height&quot;:{&quot;unit&quot;:&quot;px&quot;,&quot;size&quot;:800,&quot;sizes&quot;:[]},&quot;slider_height_mobile&quot;:{&quot;unit&quot;:&quot;px&quot;,&quot;size&quot;:700,&quot;sizes&quot;:[]},&quot;slider_height_tablet&quot;:{&quot;unit&quot;:&quot;px&quot;,&quot;size&quot;:&quot;&quot;,&quot;sizes&quot;:[]}}\" data-widget_type=\"jet-slider.default\">\n\t\t\t\t<div class=\"elementor-widget-container\">\n\t\t\t<div class=\"elementor-jet-slider jet-elements\">\n<div class=\"jet-slider jet-slider__image-exact\" data-settings='{\"sliderWidth\":{\"unit\":\"%\",\"size\":100,\"sizes\":[]},\"sliderHeight\":{\"unit\":\"px\",\"size\":800,\"sizes\":[]},\"sliderNavigation\":false,\"sliderNavigationIcon\":\"jet-slider__arrow-icon-ead95b9\",\"sliderNaviOnHover\":false,\"sliderPagination\":false,\"sliderAutoplay\":true,\"sliderAutoplayDelay\":5000,\"sliderAutoplayOnHover\":\"pause\",\"sliderFullScreen\":false,\"sliderFullscreenIcon\":\"jet-slider__fullscreen-icon-ead95b9\",\"sliderShuffle\":false,\"sliderLoop\":false,\"sliderFadeMode\":false,\"slideDistance\":{\"unit\":\"px\",\"size\":10,\"sizes\":[]},\"slideDuration\":500,\"imageScaleMode\":\"exact\",\"thumbnails\":false,\"thumbnailWidth\":120,\"thumbnailHeight\":80,\"rightToLeft\":false,\"touchswipe\":true,\"fractionPag\":false}'>\n\t\n<div class=\"slider-pro\"><div class=\"jet-slider__arrow-icon-ead95b9 hidden-html\"><\/div><div class=\"jet-slider__fullscreen-icon-ead95b9 hidden-html\"><\/div><div class=\"jet-slider__items sp-slides\">\n\n<div  class=\"jet-slider__item sp-slide\"><img class=\"sp-image\" src=\"https:\/\/www.sunn.fr\/wp_into_sunn\/wp-content\/uploads\/2025\/07\/prince-2200x955px.jpg\" alt=\"prince-2200x955px\"><div class=\"jet-slider__content sp-layer \" data-position=\"centerCenter\" data-width=\"100%\" data-height=\"100%\" data-horizontal=\"0%\" data-show-transition=\"up\" data-show-duration=\"400\" data-show-delay=\"400\" >\n\t\t<div class=\"jet-slider__content-item\">\n\t\t\t<div class=\"jet-slider__content-inner\"><h1 class=\"jet-slider__title\">BMX RACE<\/h1><h5 class=\"jet-slider__subtitle\">PRINCE<\/h5>\n\t\t\t\t\t\t<div class=\"jet-slider__button-wrapper\">\t\t\t\t\t\t<\/div><\/div>\n\t\t<\/div>\n\t\t\t<\/div>\n<\/div>\n\n<\/div>\n<\/div>\n<\/div>\n<\/div>\t\t<\/div>\n\t\t\t\t<\/div>\n\t\t\t\t\t\t<\/div>\n\t\t\t\t\t<\/div>\n\t\t<\/div>\n\t\t\t\t\t\t\t\t<\/div>\n\t\t\t\t\t<\/div>\n\t\t<\/section>\n\t\t\t\t<section class=\"elementor-section elementor-top-section elementor-element elementor-element-39c900b elementor-section-full_width elementor-section-height-full elementor-section-items-stretch elementor-section-height-default\" data-id=\"39c900b\" data-element_type=\"section\" data-settings=\"{&quot;jet_parallax_layout_list&quot;:[{&quot;_id&quot;:&quot;ce8ec6f&quot;,&quot;jet_parallax_layout_image&quot;:{&quot;url&quot;:&quot;&quot;,&quot;id&quot;:&quot;&quot;},&quot;jet_parallax_layout_image_tablet&quot;:{&quot;url&quot;:&quot;&quot;,&quot;id&quot;:&quot;&quot;},&quot;jet_parallax_layout_image_mobile&quot;:{&quot;url&quot;:&quot;&quot;,&quot;id&quot;:&quot;&quot;},&quot;jet_parallax_layout_speed&quot;:{&quot;unit&quot;:&quot;%&quot;,&quot;size&quot;:50,&quot;sizes&quot;:[]},&quot;jet_parallax_layout_type&quot;:&quot;scroll&quot;,&quot;jet_parallax_layout_direction&quot;:null,&quot;jet_parallax_layout_fx_direction&quot;:null,&quot;jet_parallax_layout_z_index&quot;:&quot;&quot;,&quot;jet_parallax_layout_bg_x&quot;:50,&quot;jet_parallax_layout_bg_x_tablet&quot;:&quot;&quot;,&quot;jet_parallax_layout_bg_x_mobile&quot;:&quot;&quot;,&quot;jet_parallax_layout_bg_y&quot;:50,&quot;jet_parallax_layout_bg_y_tablet&quot;:&quot;&quot;,&quot;jet_parallax_layout_bg_y_mobile&quot;:&quot;&quot;,&quot;jet_parallax_layout_bg_size&quot;:&quot;auto&quot;,&quot;jet_parallax_layout_bg_size_tablet&quot;:&quot;&quot;,&quot;jet_parallax_layout_bg_size_mobile&quot;:&quot;&quot;,&quot;jet_parallax_layout_animation_prop&quot;:&quot;transform&quot;,&quot;jet_parallax_layout_on&quot;:[&quot;desktop&quot;,&quot;tablet&quot;]}]}\">\n\t\t\t\t\t\t<div class=\"elementor-container elementor-column-gap-default\">\n\t\t\t\t\t\t\t<div class=\"elementor-row\">\n\t\t\t\t\t<div class=\"elementor-column elementor-col-50 elementor-top-column elementor-element elementor-element-400af2b\" data-id=\"400af2b\" data-element_type=\"column\" data-settings=\"{&quot;background_background&quot;:&quot;classic&quot;}\">\n\t\t\t<div class=\"elementor-column-wrap elementor-element-populated\">\n\t\t\t\t\t\t\t<div class=\"elementor-widget-wrap\">\n\t\t\t\t\t\t<div class=\"elementor-element elementor-element-aa11cab elementor-widget elementor-widget-spacer\" data-id=\"aa11cab\" data-element_type=\"widget\" data-widget_type=\"spacer.default\">\n\t\t\t\t<div class=\"elementor-widget-container\">\n\t\t\t\t\t<div class=\"elementor-spacer\">\n\t\t\t<div class=\"elementor-spacer-inner\"><\/div>\n\t\t<\/div>\n\t\t\t\t<\/div>\n\t\t\t\t<\/div>\n\t\t\t\t\t\t<\/div>\n\t\t\t\t\t<\/div>\n\t\t<\/div>\n\t\t\t\t<div class=\"elementor-column elementor-col-50 elementor-top-column elementor-element elementor-element-bcbd70f\" data-id=\"bcbd70f\" data-element_type=\"column\">\n\t\t\t<div class=\"elementor-column-wrap elementor-element-populated\">\n\t\t\t\t\t\t\t<div class=\"elementor-widget-wrap\">\n\t\t\t\t\t\t<div class=\"elementor-element elementor-element-baf58e7 elementor-widget elementor-widget-image\" data-id=\"baf58e7\" data-element_type=\"widget\" data-widget_type=\"image.default\">\n\t\t\t\t<div class=\"elementor-widget-container\">\n\t\t\t\t\t\t\t\t<div class=\"elementor-image\">\n\t\t\t\t\t\t\t\t\t\t\t\t<img width=\"436\" height=\"83\" src=\"https:\/\/www.sunn.fr\/wp_into_sunn\/wp-content\/uploads\/2025\/07\/prince-name.jpg\" class=\"attachment-medium_large size-medium_large\" alt=\"\" loading=\"lazy\" srcset=\"https:\/\/www.sunn.fr\/wp_into_sunn\/wp-content\/uploads\/2025\/07\/prince-name.jpg 436w, https:\/\/www.sunn.fr\/wp_into_sunn\/wp-content\/uploads\/2025\/07\/prince-name-300x57.jpg 300w\" sizes=\"(max-width: 436px) 100vw, 436px\" \/>\t\t\t\t\t\t\t\t\t\t\t\t\t\t<\/div>\n\t\t\t\t\t\t<\/div>\n\t\t\t\t<\/div>\n\t\t\t\t<div class=\"elementor-element elementor-element-7b53f52 elementor-widget elementor-widget-text-editor\" data-id=\"7b53f52\" data-element_type=\"widget\" data-widget_type=\"text-editor.default\">\n\t\t\t\t<div class=\"elementor-widget-container\">\n\t\t\t\t\t\t\t\t<div class=\"elementor-text-editor elementor-clearfix\">\n\t\t\t\t<p>Le Prince est le v\u00e9lo id\u00e9al pour faire d\u00e9couvrir le BMX aux jeunes. Il est adapt\u00e9 \u00e0 l\u2019\u00e9volution des enfants qui souhaitent d\u00e9couvrir le bmx race.<\/p>\t\t\t\t\t<\/div>\n\t\t\t\t\t\t<\/div>\n\t\t\t\t<\/div>\n\t\t\t\t<section class=\"elementor-section elementor-inner-section elementor-element elementor-element-3e6dfcf elementor-section-boxed elementor-section-height-default elementor-section-height-default\" data-id=\"3e6dfcf\" data-element_type=\"section\" data-settings=\"{&quot;jet_parallax_layout_list&quot;:[]}\">\n\t\t\t\t\t\t<div class=\"elementor-container elementor-column-gap-default\">\n\t\t\t\t\t\t\t<div class=\"elementor-row\">\n\t\t\t\t\t<div class=\"elementor-column elementor-col-50 elementor-inner-column elementor-element elementor-element-ba9b317\" data-id=\"ba9b317\" data-element_type=\"column\">\n\t\t\t<div class=\"elementor-column-wrap elementor-element-populated\">\n\t\t\t\t\t\t\t<div class=\"elementor-widget-wrap\">\n\t\t\t\t\t\t<div class=\"elementor-element elementor-element-089e90b elementor-widget elementor-widget-image\" data-id=\"089e90b\" data-element_type=\"widget\" data-widget_type=\"image.default\">\n\t\t\t\t<div class=\"elementor-widget-container\">\n\t\t\t\t\t\t\t\t<div class=\"elementor-image\">\n\t\t\t\t\t\t\t\t\t\t\t\t\t<a href=\"https:\/\/www.sunn.fr\/wp_into_sunn\/fr\/prince-finest-yg\/\">\n\t\t\t\t\t\t\t<img width=\"1024\" height=\"683\" src=\"https:\/\/www.sunn.fr\/wp_into_sunn\/wp-content\/uploads\/2025\/09\/ygsuj1-princefinest-pr-1-1024x683.jpg\" class=\"attachment-large size-large\" alt=\"\" loading=\"lazy\" srcset=\"https:\/\/www.sunn.fr\/wp_into_sunn\/wp-content\/uploads\/2025\/09\/ygsuj1-princefinest-pr-1-1024x683.jpg 1024w, https:\/\/www.sunn.fr\/wp_into_sunn\/wp-content\/uploads\/2025\/09\/ygsuj1-princefinest-pr-1-300x200.jpg 300w, https:\/\/www.sunn.fr\/wp_into_sunn\/wp-content\/uploads\/2025\/09\/ygsuj1-princefinest-pr-1-768x512.jpg 768w, https:\/\/www.sunn.fr\/wp_into_sunn\/wp-content\/uploads\/2025\/09\/ygsuj1-princefinest-pr-1-600x400.jpg 600w, https:\/\/www.sunn.fr\/wp_into_sunn\/wp-content\/uploads\/2025\/09\/ygsuj1-princefinest-pr-1.jpg 1240w\" sizes=\"(max-width: 1024px) 100vw, 1024px\" \/>\t\t\t\t\t\t\t\t<\/a>\n\t\t\t\t\t\t\t\t\t\t\t\t\t\t<\/div>\n\t\t\t\t\t\t<\/div>\n\t\t\t\t<\/div>\n\t\t\t\t<div class=\"elementor-element elementor-element-a53a0d4 elementor-widget elementor-widget-jet-button\" data-id=\"a53a0d4\" data-element_type=\"widget\" data-widget_type=\"jet-button.default\">\n\t\t\t\t<div class=\"elementor-widget-container\">\n\t\t\t<div class=\"elementor-jet-button jet-elements\"><div class=\"jet-button__container\">\n\t<a class=\"jet-button__instance jet-button__instance--icon-left hover-effect-0\" href=\"https:\/\/www.sunn.fr\/wp_into_sunn\/fr\/prince-finest-yg\/\">\n\t\t<div class=\"jet-button__plane jet-button__plane-normal\"><\/div>\n\t\t<div class=\"jet-button__plane jet-button__plane-hover\"><\/div>\n\t\t<div class=\"jet-button__state jet-button__state-normal\">\n\t\t\t<span class=\"jet-button__label\">Prince Finest<\/span>\t\t<\/div>\n\t\t<div class=\"jet-button__state jet-button__state-hover\">\n\t\t\t<span class=\"jet-button__label\">Prince Finest<\/span>\t\t<\/div>\n\t<\/a>\n<\/div>\n<\/div>\t\t<\/div>\n\t\t\t\t<\/div>\n\t\t\t\t\t\t<\/div>\n\t\t\t\t\t<\/div>\n\t\t<\/div>\n\t\t\t\t<div class=\"elementor-column elementor-col-50 elementor-inner-column elementor-element elementor-element-390906f\" data-id=\"390906f\" data-element_type=\"column\">\n\t\t\t<div class=\"elementor-column-wrap elementor-element-populated\">\n\t\t\t\t\t\t\t<div class=\"elementor-widget-wrap\">\n\t\t\t\t\t\t<div class=\"elementor-element elementor-element-7fa67b2 elementor-widget elementor-widget-image\" data-id=\"7fa67b2\" data-element_type=\"widget\" data-widget_type=\"image.default\">\n\t\t\t\t<div class=\"elementor-widget-container\">\n\t\t\t\t\t\t\t\t<div class=\"elementor-image\">\n\t\t\t\t\t\t\t\t\t\t\t\t\t<a href=\"https:\/\/www.sunn.fr\/fr\/bmx-prince-finest\/\">\n\t\t\t\t\t\t\t<img width=\"1024\" height=\"683\" src=\"https:\/\/www.sunn.fr\/wp_into_sunn\/wp-content\/uploads\/2022\/02\/PRINCE-FINEST-Junior-YCSUJ1-1024x683.jpg\" class=\"attachment-large size-large\" alt=\"\" loading=\"lazy\" srcset=\"https:\/\/www.sunn.fr\/wp_into_sunn\/wp-content\/uploads\/2022\/02\/PRINCE-FINEST-Junior-YCSUJ1-1024x683.jpg 1024w, https:\/\/www.sunn.fr\/wp_into_sunn\/wp-content\/uploads\/2022\/02\/PRINCE-FINEST-Junior-YCSUJ1-300x200.jpg 300w, https:\/\/www.sunn.fr\/wp_into_sunn\/wp-content\/uploads\/2022\/02\/PRINCE-FINEST-Junior-YCSUJ1-768x512.jpg 768w, https:\/\/www.sunn.fr\/wp_into_sunn\/wp-content\/uploads\/2022\/02\/PRINCE-FINEST-Junior-YCSUJ1-600x400.jpg 600w, https:\/\/www.sunn.fr\/wp_into_sunn\/wp-content\/uploads\/2022\/02\/PRINCE-FINEST-Junior-YCSUJ1.jpg 1240w\" sizes=\"(max-width: 1024px) 100vw, 1024px\" \/>\t\t\t\t\t\t\t\t<\/a>\n\t\t\t\t\t\t\t\t\t\t\t\t\t\t<\/div>\n\t\t\t\t\t\t<\/div>\n\t\t\t\t<\/div>\n\t\t\t\t<div class=\"elementor-element elementor-element-c62c582 elementor-widget elementor-widget-jet-button\" data-id=\"c62c582\" data-element_type=\"widget\" data-widget_type=\"jet-button.default\">\n\t\t\t\t<div class=\"elementor-widget-container\">\n\t\t\t<div class=\"elementor-jet-button jet-elements\"><div class=\"jet-button__container\">\n\t<a class=\"jet-button__instance jet-button__instance--icon-left hover-effect-0\" href=\"https:\/\/www.sunn.fr\/fr\/bmx-prince-finest\/\">\n\t\t<div class=\"jet-button__plane jet-button__plane-normal\"><\/div>\n\t\t<div class=\"jet-button__plane jet-button__plane-hover\"><\/div>\n\t\t<div class=\"jet-button__state jet-button__state-normal\">\n\t\t\t<span class=\"jet-button__label\">Prince Finest<\/span>\t\t<\/div>\n\t\t<div class=\"jet-button__state jet-button__state-hover\">\n\t\t\t<span class=\"jet-button__label\">Prince Finest<\/span>\t\t<\/div>\n\t<\/a>\n<\/div>\n<\/div>\t\t<\/div>\n\t\t\t\t<\/div>\n\t\t\t\t\t\t<\/div>\n\t\t\t\t\t<\/div>\n\t\t<\/div>\n\t\t\t\t\t\t\t\t<\/div>\n\t\t\t\t\t<\/div>\n\t\t<\/section>\n\t\t\t\t<section class=\"elementor-section elementor-inner-section elementor-element elementor-element-7b2a5df elementor-section-boxed elementor-section-height-default elementor-section-height-default\" data-id=\"7b2a5df\" data-element_type=\"section\" data-settings=\"{&quot;jet_parallax_layout_list&quot;:[]}\">\n\t\t\t\t\t\t<div class=\"elementor-container elementor-column-gap-default\">\n\t\t\t\t\t\t\t<div class=\"elementor-row\">\n\t\t\t\t\t<div class=\"elementor-column elementor-col-50 elementor-inner-column elementor-element elementor-element-7ee4853\" data-id=\"7ee4853\" data-element_type=\"column\">\n\t\t\t<div class=\"elementor-column-wrap elementor-element-populated\">\n\t\t\t\t\t\t\t<div class=\"elementor-widget-wrap\">\n\t\t\t\t\t\t<div class=\"elementor-element elementor-element-8873a51 elementor-widget elementor-widget-image\" data-id=\"8873a51\" data-element_type=\"widget\" data-widget_type=\"image.default\">\n\t\t\t\t<div class=\"elementor-widget-container\">\n\t\t\t\t\t\t\t\t<div class=\"elementor-image\">\n\t\t\t\t\t\t\t\t\t\t\t\t\t<a href=\"https:\/\/www.sunn.fr\/fr\/bmx-prince\/\">\n\t\t\t\t\t\t\t<img width=\"1024\" height=\"683\" src=\"https:\/\/www.sunn.fr\/wp_into_sunn\/wp-content\/uploads\/2022\/02\/PRINCE-JUNIOR-YCSUJ0-1024x683.jpg\" class=\"attachment-large size-large\" alt=\"\" loading=\"lazy\" srcset=\"https:\/\/www.sunn.fr\/wp_into_sunn\/wp-content\/uploads\/2022\/02\/PRINCE-JUNIOR-YCSUJ0-1024x683.jpg 1024w, https:\/\/www.sunn.fr\/wp_into_sunn\/wp-content\/uploads\/2022\/02\/PRINCE-JUNIOR-YCSUJ0-300x200.jpg 300w, https:\/\/www.sunn.fr\/wp_into_sunn\/wp-content\/uploads\/2022\/02\/PRINCE-JUNIOR-YCSUJ0-768x512.jpg 768w, https:\/\/www.sunn.fr\/wp_into_sunn\/wp-content\/uploads\/2022\/02\/PRINCE-JUNIOR-YCSUJ0-600x400.jpg 600w, https:\/\/www.sunn.fr\/wp_into_sunn\/wp-content\/uploads\/2022\/02\/PRINCE-JUNIOR-YCSUJ0.jpg 1240w\" sizes=\"(max-width: 1024px) 100vw, 1024px\" \/>\t\t\t\t\t\t\t\t<\/a>\n\t\t\t\t\t\t\t\t\t\t\t\t\t\t<\/div>\n\t\t\t\t\t\t<\/div>\n\t\t\t\t<\/div>\n\t\t\t\t<div class=\"elementor-element elementor-element-5e565a9 elementor-widget elementor-widget-jet-button\" data-id=\"5e565a9\" data-element_type=\"widget\" data-widget_type=\"jet-button.default\">\n\t\t\t\t<div class=\"elementor-widget-container\">\n\t\t\t<div class=\"elementor-jet-button jet-elements\"><div class=\"jet-button__container\">\n\t<a class=\"jet-button__instance jet-button__instance--icon-left hover-effect-0\" href=\"https:\/\/www.sunn.fr\/fr\/bmx-prince\/\">\n\t\t<div class=\"jet-button__plane jet-button__plane-normal\"><\/div>\n\t\t<div class=\"jet-button__plane jet-button__plane-hover\"><\/div>\n\t\t<div class=\"jet-button__state jet-button__state-normal\">\n\t\t\t<span class=\"jet-button__label\">Prince<\/span>\t\t<\/div>\n\t\t<div class=\"jet-button__state jet-button__state-hover\">\n\t\t\t<span class=\"jet-button__label\">Prince<\/span>\t\t<\/div>\n\t<\/a>\n<\/div>\n<\/div>\t\t<\/div>\n\t\t\t\t<\/div>\n\t\t\t\t\t\t<\/div>\n\t\t\t\t\t<\/div>\n\t\t<\/div>\n\t\t\t\t<div class=\"elementor-column elementor-col-50 elementor-inner-column elementor-element elementor-element-62c1735\" data-id=\"62c1735\" data-element_type=\"column\">\n\t\t\t<div class=\"elementor-column-wrap elementor-element-populated\">\n\t\t\t\t\t\t\t<div class=\"elementor-widget-wrap\">\n\t\t\t\t\t\t<div class=\"elementor-element elementor-element-0f9e3bd elementor-widget elementor-widget-jet-button\" data-id=\"0f9e3bd\" data-element_type=\"widget\" data-widget_type=\"jet-button.default\">\n\t\t\t\t<div class=\"elementor-widget-container\">\n\t\t\t<div class=\"elementor-jet-button jet-elements\"><div class=\"jet-button__container\">\n\t<a class=\"jet-button__instance jet-button__instance--icon-left hover-effect-0\" href=\"https:\/\/www.sunn.fr\/fr\/bmx-prince-finest\/\">\n\t\t<div class=\"jet-button__plane jet-button__plane-normal\"><\/div>\n\t\t<div class=\"jet-button__plane jet-button__plane-hover\"><\/div>\n\t\t<div class=\"jet-button__state jet-button__state-normal\">\n\t\t\t\t\t<\/div>\n\t\t<div class=\"jet-button__state jet-button__state-hover\">\n\t\t\t\t\t<\/div>\n\t<\/a>\n<\/div>\n<\/div>\t\t<\/div>\n\t\t\t\t<\/div>\n\t\t\t\t\t\t<\/div>\n\t\t\t\t\t<\/div>\n\t\t<\/div>\n\t\t\t\t\t\t\t\t<\/div>\n\t\t\t\t\t<\/div>\n\t\t<\/section>\n\t\t\t\t<div class=\"elementor-element elementor-element-af34a7a elementor-widget elementor-widget-jet-scroll-navigation\" data-id=\"af34a7a\" data-element_type=\"widget\" data-widget_type=\"jet-scroll-navigation.default\">\n\t\t\t\t<div class=\"elementor-widget-container\">\n\t\t\t<div class=\"elementor-jet-scroll-navigation jet-elements\"><div class=\"jet-scroll-navigation jet-scroll-navigation--position-left jet-scroll-navigation--show-active-hint\" data-settings='{\"position\":\"left\",\"speed\":500,\"offset\":0,\"sectionSwitch\":true,\"sectionSwitchOnMobile\":false,\"hintShowType\":\"show-active-hint\",\"sectionIdVisibility\":true}'><div class=\"jet-scroll-navigation__inner\">\n<div class=\"jet-scroll-navigation__item\" data-anchor=\"section_1\" data-invert=\"no\">\n\t<div class=\"jet-scroll-navigation__dot\">\t<\/div>\n\t<div class=\"jet-scroll-navigation__item-hint\">\t<\/div>\n<\/div>\n\n<div class=\"jet-scroll-navigation__item\" data-anchor=\"section_2\" data-invert=\"no\">\n\t<div class=\"jet-scroll-navigation__dot\">\t<\/div>\n\t<div class=\"jet-scroll-navigation__item-hint\">\t<\/div>\n<\/div>\n\n<div class=\"jet-scroll-navigation__item\" data-anchor=\"section_3\" data-invert=\"no\">\n\t<div class=\"jet-scroll-navigation__dot\">\t<\/div>\n\t<div class=\"jet-scroll-navigation__item-hint\">\t<\/div>\n<\/div>\n\n<div class=\"jet-scroll-navigation__item\" data-anchor=\"section_4\" data-invert=\"no\">\n\t<div class=\"jet-scroll-navigation__dot\">\t<\/div>\n\t<div class=\"jet-scroll-navigation__item-hint\">\t<\/div>\n<\/div>\n\n<div class=\"jet-scroll-navigation__item\" data-anchor=\"section_5\" data-invert=\"no\">\n\t<div class=\"jet-scroll-navigation__dot\">\t<\/div>\n\t<div class=\"jet-scroll-navigation__item-hint\">\t<\/div>\n<\/div>\n\n<div class=\"jet-scroll-navigation__item\" data-anchor=\"section_6\" data-invert=\"no\">\n\t<div class=\"jet-scroll-navigation__dot\">\t<\/div>\n\t<div class=\"jet-scroll-navigation__item-hint\">\t<\/div>\n<\/div>\n\n<div class=\"jet-scroll-navigation__item\" data-anchor=\"section_7\" data-invert=\"no\">\n\t<div class=\"jet-scroll-navigation__dot\">\t<\/div>\n\t<div class=\"jet-scroll-navigation__item-hint\">\t<\/div>\n<\/div>\n\n<div class=\"jet-scroll-navigation__item\" data-anchor=\"section_8\" data-invert=\"no\">\n\t<div class=\"jet-scroll-navigation__dot\">\t<\/div>\n\t<div class=\"jet-scroll-navigation__item-hint\">\t<\/div>\n<\/div>\n\n<\/div>\n<\/div>\n<\/div>\t\t<\/div>\n\t\t\t\t<\/div>\n\t\t\t\t\t\t<\/div>\n\t\t\t\t\t<\/div>\n\t\t<\/div>\n\t\t\t\t\t\t\t\t<\/div>\n\t\t\t\t\t<\/div>\n\t\t<\/section>\n\t\t\t\t\t\t\t\t\t<\/div>\n\t\t\t<\/div>\n\t\t\t\t\t<\/div>\n\t\t","protected":false},"excerpt":{"rendered":"<p>BMX RACE PRINCE Le Prince est le v\u00e9lo id\u00e9al pour faire d\u00e9couvrir le BMX aux jeunes. Il est adapt\u00e9 \u00e0 l\u2019\u00e9volution des enfants qui souhaitent d\u00e9couvrir le bmx race. Prince Finest Prince Finest Prince Finest Prince Finest Prince Prince<\/p>\n","protected":false},"author":2,"featured_media":0,"parent":0,"menu_order":0,"comment_status":"closed","ping_status":"closed","template":"elementor_header_footer","meta":[],"_links":{"self":[{"href":"https:\/\/www.sunn.fr\/wp_into_sunn\/wp-json\/wp\/v2\/pages\/7233"}],"collection":[{"href":"https:\/\/www.sunn.fr\/wp_into_sunn\/wp-json\/wp\/v2\/pages"}],"about":[{"href":"https:\/\/www.sunn.fr\/wp_into_sunn\/wp-json\/wp\/v2\/types\/page"}],"author":[{"embeddable":true,"href":"https:\/\/www.sunn.fr\/wp_into_sunn\/wp-json\/wp\/v2\/users\/2"}],"replies":[{"embeddable":true,"href":"https:\/\/www.sunn.fr\/wp_into_sunn\/wp-json\/wp\/v2\/comments?post=7233"}],"version-history":[{"count":20,"href":"https:\/\/www.sunn.fr\/wp_into_sunn\/wp-json\/wp\/v2\/pages\/7233\/revisions"}],"predecessor-version":[{"id":17492,"href":"https:\/\/www.sunn.fr\/wp_into_sunn\/wp-json\/wp\/v2\/pages\/7233\/revisions\/17492"}],"wp:attachment":[{"href":"https:\/\/www.sunn.fr\/wp_into_sunn\/wp-json\/wp\/v2\/media?parent=7233"}],"curies":[{"name":"wp","href":"https:\/\/api.w.org\/{rel}","templated":true}]}}